{"id":182,"date":"2025-12-09T18:05:22","date_gmt":"2025-12-09T17:05:22","guid":{"rendered":"https:\/\/hellocolour.pl\/?post_type=product&#038;p=182"},"modified":"2025-12-09T18:40:16","modified_gmt":"2025-12-09T17:40:16","slug":"kolory","status":"publish","type":"product","link":"https:\/\/hellocolour.pl\/index.php\/product\/kolory\/","title":{"rendered":"KOLORY"},"content":{"rendered":"<h2><b>Produkt cyfrowy: KOLORY- plakat + 3 karty pracy<\/b><\/h2>\n<p>Odkryj zestaw \u201eKolory\u201d stworzony z my\u015bl\u0105 o codziennej pracy nauczycieli przedszkolnych. Materia\u0142y pomagaj\u0105 dzieciom utrwala\u0107 nazwy kolor\u00f3w po angielsku w spos\u00f3b naturalny, poprzez zabaw\u0119 i kolorowanie- czyli najskuteczniejsz\u0105 form\u0119 nauki w wieku przedszkolnym.<\/p>\n<p>Plakat idealnie sprawdzi si\u0119 jako pomoc dydaktyczna do powieszenia w sali, a karty pracy mo\u017cesz wykorzysta\u0107 podczas zaj\u0119\u0107 j\u0119zykowych, porank\u00f3w tematycznych lub jako ciche zaj\u0119cia podczas pracy indywidualnej. Materia\u0142y s\u0105 przejrzyste, czytelne i atrakcyjne wizualnie, dzi\u0119ki czemu \u015bwietnie anga\u017cuj\u0105 nawet m\u0142odsze dzieci.<\/p>\n","protected":false},"excerpt":{"rendered":"<p>Produkt cyfrowy: KOLORY- plakat + 3 karty pracy Odkryj zestaw \u201eKolory\u201d stworzony z my\u015bl\u0105 o codziennej pracy nauczycieli przedszkolnych. Materia\u0142y pomagaj\u0105 dzieciom utrwala\u0107 nazwy kolor\u00f3w po angielsku w spos\u00f3b naturalny, poprzez zabaw\u0119 i kolorowanie- czyli najskuteczniejsz\u0105 form\u0119 nauki w wieku przedszkolnym. Plakat idealnie sprawdzi si\u0119 jako pomoc dydaktyczna do powieszenia w sali, a karty pracy<\/p>\n<div class=\"more-link\">\n             <a href=\"https:\/\/hellocolour.pl\/index.php\/product\/kolory\/\" class=\"theme-btn\"><span>Czytaj dalej <\/span><i class=\"bi bi-arrow-right\"><\/i><\/a>\n        <\/div>\n","protected":false},"featured_media":184,"template":"","meta":[],"product_brand":[],"product_cat":[21],"product_tag":[],"class_list":{"0":"post-182","1":"product","2":"type-product","3":"status-publish","4":"has-post-thumbnail","6":"product_cat-produkty-cyfrowe","8":"first","9":"instock","10":"downloadable","11":"shipping-taxable","12":"purchasable","13":"product-type-simple"},"jetpack_sharing_enabled":true,"_links":{"self":[{"href":"https:\/\/hellocolour.pl\/index.php\/wp-json\/wp\/v2\/product\/182","targetHints":{"allow":["GET"]}}],"collection":[{"href":"https:\/\/hellocolour.pl\/index.php\/wp-json\/wp\/v2\/product"}],"about":[{"href":"https:\/\/hellocolour.pl\/index.php\/wp-json\/wp\/v2\/types\/product"}],"wp:featuredmedia":[{"embeddable":true,"href":"https:\/\/hellocolour.pl\/index.php\/wp-json\/wp\/v2\/media\/184"}],"wp:attachment":[{"href":"https:\/\/hellocolour.pl\/index.php\/wp-json\/wp\/v2\/media?parent=182"}],"wp:term":[{"taxonomy":"product_brand","embeddable":true,"href":"https:\/\/hellocolour.pl\/index.php\/wp-json\/wp\/v2\/product_brand?post=182"},{"taxonomy":"product_cat","embeddable":true,"href":"https:\/\/hellocolour.pl\/index.php\/wp-json\/wp\/v2\/product_cat?post=182"},{"taxonomy":"product_tag","embeddable":true,"href":"https:\/\/hellocolour.pl\/index.php\/wp-json\/wp\/v2\/product_tag?post=182"}],"curies":[{"name":"wp","href":"https:\/\/api.w.org\/{rel}","templated":true}]}}