{"id":196,"date":"2025-12-09T18:27:55","date_gmt":"2025-12-09T17:27:55","guid":{"rendered":"https:\/\/hellocolour.pl\/?post_type=product&#038;p=196"},"modified":"2025-12-09T18:39:01","modified_gmt":"2025-12-09T17:39:01","slug":"owoce","status":"publish","type":"product","link":"https:\/\/hellocolour.pl\/index.php\/product\/owoce\/","title":{"rendered":"OWOCE"},"content":{"rendered":"<h2><b>Produkt cyfrowy: OWOCE- plakat + 2 karty pracy<\/b><\/h2>\n<p>Ten zestaw to idealne narz\u0119dzie dla nauczycieli, kt\u00f3rzy chc\u0105 rozwija\u0107 u dzieci znajomo\u015b\u0107 podstawowego s\u0142ownictwa w oparciu o tematyk\u0119 blisk\u0105 przedszkolakom. Kolorowe ilustracje pomagaj\u0105 utrwali\u0107 angielskie nazwy owoc\u00f3w, a karty pracy mo\u017cna wykorzystywa\u0107 podczas zaj\u0119\u0107 plastycznych, j\u0119zykowych, sensorycznych lub jako materia\u0142 dodatkowy na dy\u017cur.<\/p>\n<p>Zestaw wspiera motoryk\u0119, koncentracj\u0119 i nauk\u0119 poprzez zabaw\u0119- a przejrzysta forma gwarantuje, \u017ce dzieci ch\u0119tnie siadaj\u0105 do pracy.<\/p>\n","protected":false},"excerpt":{"rendered":"<p>Produkt cyfrowy: OWOCE- plakat + 2 karty pracy Ten zestaw to idealne narz\u0119dzie dla nauczycieli, kt\u00f3rzy chc\u0105 rozwija\u0107 u dzieci znajomo\u015b\u0107 podstawowego s\u0142ownictwa w oparciu o tematyk\u0119 blisk\u0105 przedszkolakom. Kolorowe ilustracje pomagaj\u0105 utrwali\u0107 angielskie nazwy owoc\u00f3w, a karty pracy mo\u017cna wykorzystywa\u0107 podczas zaj\u0119\u0107 plastycznych, j\u0119zykowych, sensorycznych lub jako materia\u0142 dodatkowy na dy\u017cur. Zestaw wspiera motoryk\u0119,<\/p>\n<div class=\"more-link\">\n             <a href=\"https:\/\/hellocolour.pl\/index.php\/product\/owoce\/\" class=\"theme-btn\"><span>Czytaj dalej <\/span><i class=\"bi bi-arrow-right\"><\/i><\/a>\n        <\/div>\n","protected":false},"featured_media":198,"template":"","meta":[],"product_brand":[],"product_cat":[21],"product_tag":[],"class_list":{"0":"post-196","1":"product","2":"type-product","3":"status-publish","4":"has-post-thumbnail","6":"product_cat-produkty-cyfrowe","8":"first","9":"instock","10":"downloadable","11":"shipping-taxable","12":"purchasable","13":"product-type-simple"},"jetpack_sharing_enabled":true,"_links":{"self":[{"href":"https:\/\/hellocolour.pl\/index.php\/wp-json\/wp\/v2\/product\/196","targetHints":{"allow":["GET"]}}],"collection":[{"href":"https:\/\/hellocolour.pl\/index.php\/wp-json\/wp\/v2\/product"}],"about":[{"href":"https:\/\/hellocolour.pl\/index.php\/wp-json\/wp\/v2\/types\/product"}],"wp:featuredmedia":[{"embeddable":true,"href":"https:\/\/hellocolour.pl\/index.php\/wp-json\/wp\/v2\/media\/198"}],"wp:attachment":[{"href":"https:\/\/hellocolour.pl\/index.php\/wp-json\/wp\/v2\/media?parent=196"}],"wp:term":[{"taxonomy":"product_brand","embeddable":true,"href":"https:\/\/hellocolour.pl\/index.php\/wp-json\/wp\/v2\/product_brand?post=196"},{"taxonomy":"product_cat","embeddable":true,"href":"https:\/\/hellocolour.pl\/index.php\/wp-json\/wp\/v2\/product_cat?post=196"},{"taxonomy":"product_tag","embeddable":true,"href":"https:\/\/hellocolour.pl\/index.php\/wp-json\/wp\/v2\/product_tag?post=196"}],"curies":[{"name":"wp","href":"https:\/\/api.w.org\/{rel}","templated":true}]}}